{"id":15798,"date":"2017-06-16T14:39:30","date_gmt":"2017-06-16T14:39:30","guid":{"rendered":"https:\/\/cuartamenteru.com\/2017\/aviso-legal\/"},"modified":"2017-06-16T14:56:30","modified_gmt":"2017-06-16T14:56:30","slug":"legal-warning","status":"publish","type":"page","link":"https:\/\/cuartamenteru.com\/en\/legal-warning\/","title":{"rendered":"Legal Warning"},"content":{"rendered":"<p>[vc_row css_animation=&#8221;&#8221; row_type=&#8221;row&#8221; use_row_as_full_screen_section=&#8221;no&#8221; type=&#8221;grid&#8221; angled_section=&#8221;no&#8221; text_align=&#8221;left&#8221; background_image_as_pattern=&#8221;without_pattern&#8221; css=&#8221;.vc_custom_1497624448737{padding-top: 40px !important;padding-bottom: 40px !important;}&#8221;][vc_column][vc_column_text]Este sitio web ha sido creado por CUARTAMENTERU, S.L., (en adelante, CUARTAMENTERU), con car\u00e1cter informativo y para su uso personal.<\/p>\n<p>El hecho de acceder a este sitio web implica el conocimiento y aceptaci\u00f3n de los siguientes t\u00e9rminos y condiciones.<\/p>\n<p>&nbsp;<\/p>\n<p><strong>1. Titularidad del sitio web.<\/strong><\/p>\n<p>El nombre de dominio, <a href=\"http:\/\/www.cuartamenteru.com\">cuartamenteru.com<\/a>, est\u00e1 registrado a favor de CUARTAMENTERU S.L., inscrita en el Registro Mercantil de Asturias, Tomo 2781, Folio 68, Secci\u00f3n 8\u00aa, Hoja AS-24074, con CIF B-33666629.<\/p>\n<p>El domicilio social de CUARTAMENTERU queda establecido, a los efectos del presente Aviso Legal, en el B\u00ba Anteji, s\/n \u2013 33509, Poo de Llanes \u2013 Asturias.<\/p>\n<p>Ud. puede ponerse en contacto con nosotros en los siguientes n\u00fameros y direcci\u00f3n:<\/p>\n<p><strong>Tel\u00e9fono<\/strong>: 985403276<br \/>\n<strong>Fax<\/strong>: 985401128<br \/>\n<strong>Correo Electr\u00f3nico<\/strong>: <a href=\"mailto:reservas@cuartamenteru.com\">reservas@cuartamenteru.com<\/a><\/p>\n<p>&nbsp;<\/p>\n<div align=\"left\"><strong>2. T\u00e9rminos y Condiciones.<\/strong><\/div>\n<p>Los contenidos y servicios incluidos y ofrecidos en este sitio web, no est\u00e1n dirigidos a aquellas personas residentes en aquellas jurisdicciones donde no se encuentren autorizados. \u00danicamente se encuentran comprendidas en el presente sitio web aquellas p\u00e1ginas que figuren dentro del mapa del sitio web. El usuario accede voluntariamente a este sitio web. El acceso y navegaci\u00f3n en este sitio web implica aceptar y conocer las advertencias legales, condiciones y t\u00e9rminos de uso contenidos en ella. El mero acceso no implica el establecimiento de ning\u00fan tipo de relaci\u00f3n comercial entre CUARTAMENTERU y el usuario.<\/p>\n<p>El Aviso Legal y\/o las Condiciones del Servicio establecidas para los servicios prestados a trav\u00e9s del presente sitio web, podr\u00e1 sufrir modificaciones de cualquier tipo, cuando CUARTAMENTERU lo considere oportuno o con la finalidad de adecuarse a los cambios legislativos y tecnol\u00f3gicas futuras. Estas modificaciones ser\u00e1n notificadas convenientemente, siendo v\u00e1lidas desde su publicaci\u00f3n en este sitio web, salvo manifestaci\u00f3n en contrario.<\/p>\n<p>&nbsp;<\/p>\n<p><strong>3. Servicios.<\/strong><\/p>\n<p>CUARTAMENTERU ofrece determinados servicios a los usuarios, sometidos a los t\u00e9rminos y condiciones indicados en el presente sitio web, debiendo el usuario leer con atenci\u00f3n las condiciones que se apliquen a cada servicio, que en ning\u00fan caso eximir\u00e1n, salvo manifestaci\u00f3n expresa en contrario, del cumplimiento de lo expresado en el Aviso Legal.<\/p>\n<p>&nbsp;<\/p>\n<p><strong>4. Contenidos.<\/strong><\/p>\n<p>CUARTAMENTERU realiza los m\u00e1ximos esfuerzos para evitar errores en los contenidos que se publican en el sitio web. Todos los contenidos que se ofrecen a trav\u00e9s del sitio web del que CUARTAMENTERU es titular o responsable se encuentran actualizados, reserv\u00e1ndose CUARTAMENTERU la facultad de poder modificarlos en cualquier momento. CUARTAMENTERU no se responsabiliza de las consecuencias que puedan derivarse de los errores en los contenidos que puedan aparecer en este sitio web proporcionados por terceros.<\/p>\n<p>CUARTAMENTERU no es responsable por las transmisiones entre usuarios de informaci\u00f3n dirigidas o a trav\u00e9s de este sitio web. La responsabilidad por las manifestaciones que se realicen por los usuarios es exclusiva de quienes las realizan. Queda prohibida cualquier comunicaci\u00f3n o transmisi\u00f3n de contenidos que infrinja los derechos propiedad de terceros y cuyo contenido sea amenazante, obsceno, difamatorio, pornogr\u00e1fico, xen\u00f3fobo, atentatorio contra la dignidad de la persona o los derechos de la infancia, la legalidad vigente o cualquier conducta que incite o constituya la realizaci\u00f3n de una ofensa penal.<\/p>\n<p>Asimismo queda prohibida la inclusi\u00f3n y comunicaci\u00f3n de contenidos, por parte de los usuarios, que sean falsos o inexactos y que induzcan o puedan inducir a error al resto de usuarios o al personal de CUARTAMENTERU, en particular los contenidos que se encuentren protegidos por cualesquiera derechos de propiedad intelectual o industrial, pertenecientes a terceras personas, cuando no cuenten con la autorizaci\u00f3n del titular de los derechos, menoscaben o desprestigien la fama o cr\u00e9dito de CUARTAMENTERU, sean considerados como una caso de publicidad il\u00edcita, enga\u00f1osa o desleal y\/o incorporen virus o cualquier otro elemento electr\u00f3nico que pudiese da\u00f1ar o impedir el funcionamiento del sitio web, de la red, equipos inform\u00e1ticos de CUARTAMENTERU \u00f3 terceros y\/o el acceso al portal del resto de usuarios.<\/p>\n<p>CUARTAMENTERU podr\u00e1 prohibir el acceso a este sitio web de cualquier usuario que realice cualquiera de las conductas referenciadas con car\u00e1cter enunciativo y no limitativo en el presente p\u00e1rrafo.<\/p>\n<p>CUARTAMENTERU ofrece enlaces, directa o indirectamente, a recursos o sitios de Internet que se encuentran fuera del presente sitio web. La presencia de estos enlaces en el sitio web tienen una finalidad informativa, no constituyendo en ning\u00fan caso una invitaci\u00f3n a la contrataci\u00f3n de productos o servicios que se ofrezcan en el sitio web de destino.<\/p>\n<p>En caso de que CUARTAMENTERU tenga conocimiento efectivo de que la actividad o la informaci\u00f3n a la que se remite desde dichos enlaces es il\u00edcita, constitutiva de delito o puede lesionar bienes o derechos de un tercero susceptibles de indemnizaci\u00f3n, actuar\u00e1 con la diligencia necesaria para suprimir o inutilizar el enlace correspondiente con la mayor brevedad posible.<\/p>\n<p>&nbsp;<\/p>\n<p><strong>5. Limitaci\u00f3n de Responsabilidad.<\/strong><\/p>\n<p>CUARTAMENTERU no garantiza la ausencia de virus u otros elementos que pudieran causar da\u00f1os en los sistemas inform\u00e1ticos, en los documentos electr\u00f3nicos o en los ficheros de usuario de este sitio web o de sitios web de terceros, por lo que no se responsabiliza de los perjuicios que se pudieran producir por estas causas.<\/p>\n<p>CUARTAMENTERU no se responsabiliza del mal uso que Ud. pueda hacer de este sitio web.<\/p>\n<p>CUARTAMENTERU tampoco se responsabiliza del contenido de los sitios web a los que enlaza fuera de su p\u00e1gina. Tampoco ser\u00e1 CUARTAMENTERU responsable de cualquier da\u00f1o o p\u00e9rdida que pueda surgir por la conexi\u00f3n o por el uso de cualquier contenido, producto o servicio disponible en los sitios web a los que se dirijan los enlaces. CUARTAMENTERU no puede garantizar la disponibilidad y el correcto funcionamiento de los enlaces a otros sitios web desde el sitio web de CUARTAMENTERU.<\/p>\n<p>El presente Aviso Legal es aplicable \u00fanicamente a la informaci\u00f3n recogida y servicios prestados a trav\u00e9s del sitio web de CUARTAMENTERU, no siendo de aplicaci\u00f3n a los contenidos recogidos o servicios prestados desde sitios web de terceros a los que se haya accedido desde el sito web de CUARTAMENTERU.<\/p>\n<p>&nbsp;<\/p>\n<p><strong>6. Propiedad Intelectual e Industrial.<\/strong><\/p>\n<p>Este sitio web y los contenidos que alberga se encuentran protegidos por la legislaci\u00f3n vigente en materia de propiedad intelectual. Se proh\u00edbe la modificaci\u00f3n, copia, reproducci\u00f3n, descarga, transmisi\u00f3n, distribuci\u00f3n o transformaci\u00f3n de los contenidos del Portal, si no se tiene la autorizaci\u00f3n del titular de los correspondientes derechos o se encuentra legalmente permitido. El acceso al sitio web no supone en ning\u00fan caso adquisici\u00f3n por parte de los usuarios de derecho de propiedad alguno sobre los contenidos que figuran en el mismo.<\/p>\n<p>Algunos de los contenidos del este sitio web pueden ser descargados en el terminal del usuario siempre que sea para uso privado y sin fin comercial alguno.<\/p>\n<p>Las referencias a marcas comerciales o marcas registradas o signos distintivos, ya sean titularidad de CUARTAMENTERU o de terceras empresas, llevan impl\u00edcitas la prohibici\u00f3n sobre su uso sin el consentimiento de CUARTAMENTERU o sus leg\u00edtimos propietarios. En ning\u00fan momento, salvo manifestaci\u00f3n expresa el acceso o uso del Portal y\/o de sus contenidos, confiere al usuario derecho alguno sobre las marcas, logos, y\/o signos distintivos en \u00e9l incluidos protegidos por Ley.<\/p>\n<p>&nbsp;<\/p>\n<p><strong>7. Navegaci\u00f3n y Seguridad.<\/strong><\/p>\n<p>CUARTAMENTERU realiza los m\u00e1ximos esfuerzos para garantizar que la navegaci\u00f3n a trav\u00e9s de este sitio web se realice en las mejores condiciones. \u00danicamente los servicios ofertados a trav\u00e9s de esta p\u00e1gina web podr\u00e1n ser recibidos correctamente en el caso de que se cumplan con las condiciones t\u00e9cnicas especificadas en el presente aviso legal.<\/p>\n<p>Este sitio web ha sido dise\u00f1ado para soportar el navegador Internet Explorer 5.0. CUARTAMENTERU no se hace responsable por cualquier tipo de perjuicio sufridos por los usuarios por el uso de navegadores o versiones distintas de los navegadores para los que ha sido dise\u00f1ado este sitio web.<\/p>\n<p>CUARTAMENTERU no garantiza, ni se responsabiliza de que el acceso a este sitio web sea ininterrumpido o se encuentre libre de error. En ning\u00fan caso CUARTAMENTERU ser\u00e1 responsable por los perjuicios de cualquier tipo que surjan por el acceso y el uso de este sitio web.<\/p>\n<p>&nbsp;<\/p>\n<p><strong>8. Pol\u00edtica de Privacidad y Protecci\u00f3n de Datos<\/strong>.<\/p>\n<p>En cumplimiento con lo dispuesto en la Ley Org\u00e1nica 15\/1999, de 13 de diciembre, de Protecci\u00f3n de Datos de Car\u00e1cter Personal (LOPD), CUARTAMENTERU informa a los usuarios del presente sitio web que los datos personales facilitados van a pasar a formar parte de un fichero automatizado de datos de car\u00e1cter personal, cuya titularidad y responsabilidad corresponde a CUARTAMENTERU, siendo su finalidad el poder atender y procesar adecuadamente las solicitudes de consulta remitidas, as\u00ed como poder informarle y transmitirle informaci\u00f3n de los servicios ofrecidos por CUARTAMENTERU. Con la remisi\u00f3n de sus datos, Ud. presta su consentimiento expreso para que CUARTAMENTERU pueda llevar a cabo el tratamiento automatizado, as\u00ed como la cesi\u00f3n de los mismos a empresas del Grupo CUARTAMENTERU, y siempre para el cumplimiento de las finalidades anteriormente indicadas.<\/p>\n<p>Sus datos personales son tratados con la m\u00e1xima confidencialidad, habiendo adoptado CUARTAMENTERU, como responsable del fichero, las medidas de orden t\u00e9cnico y organizativo necesarias para garantizar la confidencialidad y seguridad de los datos personales, evitando su alteraci\u00f3n, p\u00e9rdida, tratamiento o acceso no autorizado.<\/p>\n<p>CUARTAMENTERU procede al archivo de los datos que los usuarios facilitan para realizar una consulta o remitir una solicitud, algunos de los cuales son necesarios para atender adecuadamente las mismas. El usuario es advertido, convenientemente, de la necesidad de facilitar dichos datos. Le informamos de que la direcci\u00f3n de correo electr\u00f3nico es utilizada para dar respuesta a su consulta, as\u00ed como poder transmitirle informaci\u00f3n de los servicios ofrecidos por CUARTAMENTERU e informarle de cualesquiera otros cambios relevantes que se produzcan.<\/p>\n<p>Nuestra p\u00e1gina web no utiliza cookies ni otros medios t\u00e9cnicos que nos permitan identificar a usuarios en concreto ni conocer datos de su navegaci\u00f3n, sin que el usuario sea consciente. Ello no obstante, es nuestro compromiso que cualquier cambio en la Pol\u00edtica de Privacidad a este respecto ser\u00e1 inmediatamente advertido, a trav\u00e9s del presente sitio web, incluyendo la oportuna rectificaci\u00f3n en este apartado.<\/p>\n<p>Asimismo, con relaci\u00f3n a los datos personales recabados en la forma prevista en esta Pol\u00edtica de Privacidad, se informa a los usuarios que tienen reconocidos los derechos de acceso, rectificaci\u00f3n, oposici\u00f3n y cancelaci\u00f3n de sus datos personales. Los referidos derechos podr\u00e1n ser ejercitados, bien por el usuario, bien por su representante, mediante la remisi\u00f3n de una solicitud escrita y firmada, a la siguiente direcci\u00f3n:<\/p>\n<table border=\"0\" width=\"77%\" cellspacing=\"0\" cellpadding=\"5\" align=\"center\">\n<tbody>\n<tr bgcolor=\"#cccccc\">\n<td>\n<div align=\"center\"><strong>CUARTAMENTERU S.L.<br \/>\nB\u00ba Anteji s\/n \u2013 33509, Poo de Llanes \u2013 Asturias (Espa\u00f1a)<br \/>\nRef. Datos Personales<\/strong><\/div>\n<\/td>\n<\/tr>\n<\/tbody>\n<\/table>\n<p>La solicitud deber\u00e1 contener el nombre y apellidos del usuario, fotocopia del DNI as\u00ed como el contenido de la petici\u00f3n que desee realizar, en su caso.<\/p>\n<p>&nbsp;<\/p>\n<p><strong>9. Legislaci\u00f3n aplicable y Tribunales competentes.<\/strong><\/p>\n<p>Los t\u00e9rminos y condiciones que rigen este web site, as\u00ed como las relaciones que pudieran derivarse est\u00e1n protegidas y quedan sujetas a la legislaci\u00f3n espa\u00f1ola.<\/p>\n<p>Para la resoluci\u00f3n de cualquier tipo de controversia, litigio o discrepancia que pudiera suscitarse entre el usuario y CUARTAMENTERU, por el uso de este sitio web, se acuerda el sometimiento de las mismas a los Juzgados y Tribunales del Principado de Asturias, Espa\u00f1a.[\/vc_column_text][\/vc_column][\/vc_row]<\/p>\n","protected":false},"excerpt":{"rendered":"<p>[vc_row css_animation=&#8221;&#8221; row_type=&#8221;row&#8221; use_row_as_full_screen_section=&#8221;no&#8221; type=&#8221;grid&#8221; angled_section=&#8221;no&#8221; text_align=&#8221;left&#8221; background_image_as_pattern=&#8221;without_pattern&#8221; css=&#8221;.vc_custom_1497624448737{padding-top: 40px !important;padding-bottom: 40px !important;}&#8221;][vc_column][vc_column_text]Este sitio web ha sido creado por CUARTAMENTERU, S.L., (en adelante, CUARTAMENTERU), con car\u00e1cter informativo y para su uso personal. El hecho de acceder a este sitio web implica el conocimiento y aceptaci\u00f3n&#8230;<\/p>\n","protected":false},"author":1,"featured_media":0,"parent":0,"menu_order":0,"comment_status":"closed","ping_status":"closed","template":"full_width.php","meta":[],"_links":{"self":[{"href":"https:\/\/cuartamenteru.com\/en\/wp-json\/wp\/v2\/pages\/15798"}],"collection":[{"href":"https:\/\/cuartamenteru.com\/en\/wp-json\/wp\/v2\/pages"}],"about":[{"href":"https:\/\/cuartamenteru.com\/en\/wp-json\/wp\/v2\/types\/page"}],"author":[{"embeddable":true,"href":"https:\/\/cuartamenteru.com\/en\/wp-json\/wp\/v2\/users\/1"}],"replies":[{"embeddable":true,"href":"https:\/\/cuartamenteru.com\/en\/wp-json\/wp\/v2\/comments?post=15798"}],"version-history":[{"count":2,"href":"https:\/\/cuartamenteru.com\/en\/wp-json\/wp\/v2\/pages\/15798\/revisions"}],"predecessor-version":[{"id":15800,"href":"https:\/\/cuartamenteru.com\/en\/wp-json\/wp\/v2\/pages\/15798\/revisions\/15800"}],"wp:attachment":[{"href":"https:\/\/cuartamenteru.com\/en\/wp-json\/wp\/v2\/media?parent=15798"}],"curies":[{"name":"wp","href":"https:\/\/api.w.org\/{rel}","templated":true}]}}